{"id":2,"date":"2023-09-07T11:50:01","date_gmt":"2023-09-07T11:50:01","guid":{"rendered":"https:\/\/www.mersinpsikoteknik.com\/blog\/?page_id=2"},"modified":"2023-09-07T17:27:55","modified_gmt":"2023-09-07T14:27:55","slug":"iletisim","status":"publish","type":"page","link":"https:\/\/www.mersinpsikoteknik.com\/blog\/iletisim","title":{"rendered":"\u0130leti\u015fim"},"content":{"rendered":"<p>\u0130hsaniye Mah. Zeytinlibah\u00e7e Cad. 4905 sk. Ali \u00d6zlav Plaza Kat:1 No:6<br \/>Akdeniz \/ MERSIN<br \/>\n+90552 821 81 33<br \/>\n+90 505 481 46 47<br \/>\ninfo@mersinpsikoteknik.com<\/p>\n","protected":false},"excerpt":{"rendered":"<p>\u0130hsaniye Mah. Zeytinlibah\u00e7e Cad. 4905 sk. Ali \u00d6zlav Plaza Kat:1 No:6Akdeniz \/ MERSIN +90552 821 81 33 +90 505 481 46 47 info@mersinpsikoteknik.com<\/p>\n","protected":false},"author":1,"featured_media":0,"parent":0,"menu_order":0,"comment_status":"closed","ping_status":"open","template":"","meta":{"footnotes":""},"class_list":["post-2","page","type-page","status-publish","hentry"],"aioseo_notices":[],"_links":{"self":[{"href":"https:\/\/www.mersinpsikoteknik.com\/blog\/wp-json\/wp\/v2\/pages\/2","targetHints":{"allow":["GET"]}}],"collection":[{"href":"https:\/\/www.mersinpsikoteknik.com\/blog\/wp-json\/wp\/v2\/pages"}],"about":[{"href":"https:\/\/www.mersinpsikoteknik.com\/blog\/wp-json\/wp\/v2\/types\/page"}],"author":[{"embeddable":true,"href":"https:\/\/www.mersinpsikoteknik.com\/blog\/wp-json\/wp\/v2\/users\/1"}],"replies":[{"embeddable":true,"href":"https:\/\/www.mersinpsikoteknik.com\/blog\/wp-json\/wp\/v2\/comments?post=2"}],"version-history":[{"count":2,"href":"https:\/\/www.mersinpsikoteknik.com\/blog\/wp-json\/wp\/v2\/pages\/2\/revisions"}],"predecessor-version":[{"id":17,"href":"https:\/\/www.mersinpsikoteknik.com\/blog\/wp-json\/wp\/v2\/pages\/2\/revisions\/17"}],"wp:attachment":[{"href":"https:\/\/www.mersinpsikoteknik.com\/blog\/wp-json\/wp\/v2\/media?parent=2"}],"curies":[{"name":"wp","href":"https:\/\/api.w.org\/{rel}","templated":true}]}}